{"id":48,"date":"2014-02-17T21:04:45","date_gmt":"2014-02-17T21:04:45","guid":{"rendered":"http:\/\/midwiesn.de\/?page_id=48"},"modified":"2026-03-15T13:15:42","modified_gmt":"2026-03-15T12:15:42","slug":"midwies-2014","status":"publish","type":"page","link":"https:\/\/midwiesn.de\/","title":{"rendered":"MIDWIESN"},"content":{"rendered":"\n<p>Einladung zur Midwiesn 2026<\/p>\n\n\n\n<p>Liebe Freunde, Bekannte, Wiesion\u00e4re und Anh\u00e4nger der Wirtshauskultur,<\/p>\n\n\n\n<p>Der Weg zur n\u00e4chsten Wiesn is bekanntlich lang, aber keine Sorge: Das Bergfest steht vor der T\u00fcr!<\/p>\n\n\n\n<p>Auf geht&#8217;s zur 17. Midwiesn am Samstag, den 18. April 2026<\/p>\n\n\n\n<p>Der Ablauf<\/p>\n\n\n\n<p>Beginn: Ab 11:30 Uhr geht\u2019s los.<\/p>\n\n\n\n<p>Anzapfen: Um 12:00 Uhr wird das Holzfass pr\u00e4sidial angezapft.<\/p>\n\n\n\n<p>Programm: Danach herrscht freies Spiel nach den bew\u00e4hrten Regeln der bayerischen Wirtshauskultur.<\/p>\n\n\n\n<p>Ein Herz f\u00fcr die Musik<\/p>\n\n\n\n<p>Damit wir nicht nur stimmlich, sondern auch instrumental ordentlich begleitet werden, haben wir wieder fantastische Musikanten dabei. Damit deren Kehlen nicht trocken bleiben und ihr Einsatz gew\u00fcrdigt wird, lassen wir zwischendurch den Hut herumgehen. Wir freuen uns \u00fcber Euren Beitrag f\u00fcr die Musik!<\/p>\n\n\n\n<p>Das Wichtigste auf einen Blick<\/p>\n\n\n\n<p>Ort: Wie immer im Wirtshaus Gro\u00dfwirt, Volkartstra\u00dfe 2, 80634 M\u00fcnchen-Neuhausen.<\/p>\n\n\n\n<p>G\u00e4ste: Bringt gerne Freunde &amp; Familie mit.<\/p>\n\n\n\n<p>Anmeldung: Nicht erforderlich \u2013 einfach vorbeikommen und Platz suchen.<\/p>\n\n\n\n<p>Wir gfrein uns sakrisch auf Eich!<\/p>\n\n\n\n<p>Das Pr\u00e4sidium<\/p>\n\n\n\n<p>Gert, Leo &amp; Julian<\/p>\n\n\n\n<figure class=\"wp-block-image size-large\"><a href=\"https:\/\/midwiesn.de\/wp-content\/uploads\/2025\/03\/20250325_0920581-scaled.jpg\"><img loading=\"lazy\" decoding=\"async\" width=\"2560\" height=\"1920\" src=\"https:\/\/midwiesn.de\/wp-content\/uploads\/2025\/03\/20250325_0920581-edited-scaled.jpg\" alt=\"\" class=\"wp-image-421\" srcset=\"https:\/\/midwiesn.de\/wp-content\/uploads\/2025\/03\/20250325_0920581-edited-scaled.jpg 2560w, https:\/\/midwiesn.de\/wp-content\/uploads\/2025\/03\/20250325_0920581-edited-300x225.jpg 300w, https:\/\/midwiesn.de\/wp-content\/uploads\/2025\/03\/20250325_0920581-edited-1024x768.jpg 1024w, https:\/\/midwiesn.de\/wp-content\/uploads\/2025\/03\/20250325_0920581-edited-768x576.jpg 768w, https:\/\/midwiesn.de\/wp-content\/uploads\/2025\/03\/20250325_0920581-edited-1536x1152.jpg 1536w, https:\/\/midwiesn.de\/wp-content\/uploads\/2025\/03\/20250325_0920581-edited-2048x1536.jpg 2048w\" sizes=\"auto, (max-width: 2560px) 100vw, 2560px\" \/><\/a><\/figure>\n\n\n<div class=\"wp-block-image\">\n<figure class=\"aligncenter size-large is-resized\"><a href=\"http:\/\/midwiesn.de\/wp-content\/uploads\/2019\/08\/IMG_20190813_151917-e1565702716838.jpg\"><img loading=\"lazy\" decoding=\"async\" width=\"1024\" height=\"1017\" src=\"http:\/\/midwiesn.de\/wp-content\/uploads\/2019\/08\/IMG_20190813_151917-e1565702716838-1024x1017.jpg\" alt=\"\" class=\"wp-image-293\" style=\"width:348px;height:auto\" srcset=\"https:\/\/midwiesn.de\/wp-content\/uploads\/2019\/08\/IMG_20190813_151917-e1565702716838-1024x1017.jpg 1024w, https:\/\/midwiesn.de\/wp-content\/uploads\/2019\/08\/IMG_20190813_151917-e1565702716838-150x150.jpg 150w, https:\/\/midwiesn.de\/wp-content\/uploads\/2019\/08\/IMG_20190813_151917-e1565702716838-300x298.jpg 300w, https:\/\/midwiesn.de\/wp-content\/uploads\/2019\/08\/IMG_20190813_151917-e1565702716838-768x763.jpg 768w, https:\/\/midwiesn.de\/wp-content\/uploads\/2019\/08\/IMG_20190813_151917-e1565702716838.jpg 1907w\" sizes=\"auto, (max-width: 1024px) 100vw, 1024px\" \/><\/a><\/figure><\/div>\n\n\n<figure class=\"wp-block-image size-full\"><a href=\"http:\/\/midwiesn.de\/wp-content\/uploads\/2020\/03\/Midwiesn-2019.jpg\"><img loading=\"lazy\" decoding=\"async\" width=\"1024\" height=\"768\" src=\"http:\/\/midwiesn.de\/wp-content\/uploads\/2020\/03\/Midwiesn-2019.jpg\" alt=\"\" class=\"wp-image-331\" srcset=\"https:\/\/midwiesn.de\/wp-content\/uploads\/2020\/03\/Midwiesn-2019.jpg 1024w, https:\/\/midwiesn.de\/wp-content\/uploads\/2020\/03\/Midwiesn-2019-300x225.jpg 300w, https:\/\/midwiesn.de\/wp-content\/uploads\/2020\/03\/Midwiesn-2019-768x576.jpg 768w\" sizes=\"auto, (max-width: 1024px) 100vw, 1024px\" \/><\/a><\/figure>\n\n\n\n<figure class=\"wp-block-image size-large\"><a href=\"http:\/\/midwiesn.de\/wp-content\/uploads\/2023\/02\/IMG-20170325-WA0005.jpg\"><img loading=\"lazy\" decoding=\"async\" width=\"1024\" height=\"576\" src=\"http:\/\/midwiesn.de\/wp-content\/uploads\/2023\/02\/IMG-20170325-WA0005-1024x576.jpg\" alt=\"\" class=\"wp-image-347\" srcset=\"https:\/\/midwiesn.de\/wp-content\/uploads\/2023\/02\/IMG-20170325-WA0005-1024x576.jpg 1024w, https:\/\/midwiesn.de\/wp-content\/uploads\/2023\/02\/IMG-20170325-WA0005-300x169.jpg 300w, https:\/\/midwiesn.de\/wp-content\/uploads\/2023\/02\/IMG-20170325-WA0005-768x432.jpg 768w, https:\/\/midwiesn.de\/wp-content\/uploads\/2023\/02\/IMG-20170325-WA0005-1536x864.jpg 1536w, https:\/\/midwiesn.de\/wp-content\/uploads\/2023\/02\/IMG-20170325-WA0005.jpg 1600w\" sizes=\"auto, (max-width: 1024px) 100vw, 1024px\" \/><\/a><\/figure>\n\n\n<div class=\"wp-block-image\">\n<figure class=\"aligncenter size-large\"><a href=\"http:\/\/midwiesn.de\/wp-content\/uploads\/2023\/02\/IMG-20190215-WA0012.jpg\"><img loading=\"lazy\" decoding=\"async\" width=\"576\" height=\"1024\" src=\"http:\/\/midwiesn.de\/wp-content\/uploads\/2023\/02\/IMG-20190215-WA0012-576x1024.jpg\" alt=\"\" class=\"wp-image-349\" srcset=\"https:\/\/midwiesn.de\/wp-content\/uploads\/2023\/02\/IMG-20190215-WA0012-576x1024.jpg 576w, https:\/\/midwiesn.de\/wp-content\/uploads\/2023\/02\/IMG-20190215-WA0012-169x300.jpg 169w, https:\/\/midwiesn.de\/wp-content\/uploads\/2023\/02\/IMG-20190215-WA0012-768x1365.jpg 768w, https:\/\/midwiesn.de\/wp-content\/uploads\/2023\/02\/IMG-20190215-WA0012-864x1536.jpg 864w, https:\/\/midwiesn.de\/wp-content\/uploads\/2023\/02\/IMG-20190215-WA0012.jpg 900w\" sizes=\"auto, (max-width: 576px) 100vw, 576px\" \/><\/a><\/figure><\/div>\n\n\n<figure class=\"wp-block-image size-full\"><a href=\"http:\/\/midwiesn.de\/wp-content\/uploads\/2020\/03\/Pr\u00e4sidium-2019.jpg\"><img loading=\"lazy\" decoding=\"async\" width=\"768\" height=\"1024\" src=\"http:\/\/midwiesn.de\/wp-content\/uploads\/2020\/03\/Pr\u00e4sidium-2019.jpg\" alt=\"\" class=\"wp-image-332\" srcset=\"https:\/\/midwiesn.de\/wp-content\/uploads\/2020\/03\/Pr\u00e4sidium-2019.jpg 768w, https:\/\/midwiesn.de\/wp-content\/uploads\/2020\/03\/Pr\u00e4sidium-2019-225x300.jpg 225w\" sizes=\"auto, (max-width: 768px) 100vw, 768px\" \/><\/a><\/figure>\n\n\n\n<p><\/p>\n","protected":false},"excerpt":{"rendered":"<p>Einladung zur Midwiesn 2026 Liebe Freunde, Bekannte, Wiesion\u00e4re und Anh\u00e4nger der Wirtshauskultur, Der Weg zur n\u00e4chsten Wiesn is bekanntlich lang, aber keine Sorge: Das Bergfest steht vor der T\u00fcr! Auf geht&#8217;s zur 17. Midwiesn am Samstag, den 18. April 2026 &hellip; <a href=\"https:\/\/midwiesn.de\/\">Weiterlesen <span class=\"meta-nav\">&rarr;<\/span><\/a><\/p>\n","protected":false},"author":1,"featured_media":0,"parent":0,"menu_order":0,"comment_status":"closed","ping_status":"closed","template":"","meta":{"footnotes":""},"class_list":["post-48","page","type-page","status-publish","hentry"],"_links":{"self":[{"href":"https:\/\/midwiesn.de\/index.php?rest_route=\/wp\/v2\/pages\/48","targetHints":{"allow":["GET"]}}],"collection":[{"href":"https:\/\/midwiesn.de\/index.php?rest_route=\/wp\/v2\/pages"}],"about":[{"href":"https:\/\/midwiesn.de\/index.php?rest_route=\/wp\/v2\/types\/page"}],"author":[{"embeddable":true,"href":"https:\/\/midwiesn.de\/index.php?rest_route=\/wp\/v2\/users\/1"}],"replies":[{"embeddable":true,"href":"https:\/\/midwiesn.de\/index.php?rest_route=%2Fwp%2Fv2%2Fcomments&post=48"}],"version-history":[{"count":121,"href":"https:\/\/midwiesn.de\/index.php?rest_route=\/wp\/v2\/pages\/48\/revisions"}],"predecessor-version":[{"id":426,"href":"https:\/\/midwiesn.de\/index.php?rest_route=\/wp\/v2\/pages\/48\/revisions\/426"}],"wp:attachment":[{"href":"https:\/\/midwiesn.de\/index.php?rest_route=%2Fwp%2Fv2%2Fmedia&parent=48"}],"curies":[{"name":"wp","href":"https:\/\/api.w.org\/{rel}","templated":true}]}}